{"id":896,"date":"2024-06-25T15:05:54","date_gmt":"2024-06-25T13:05:54","guid":{"rendered":"https:\/\/mv-ligist-krottendorf.at\/musikfest\/?page_id=896"},"modified":"2025-04-30T07:03:15","modified_gmt":"2025-04-30T05:03:15","slug":"fotos","status":"publish","type":"page","link":"https:\/\/mv-ligist-krottendorf.at\/musikfest\/fotos\/","title":{"rendered":"Fotos"},"content":{"rendered":"\n<div style=\"height:100px\" aria-hidden=\"true\" class=\"wp-block-spacer\"><\/div>\n\n\n\n<h1 class=\"wp-block-heading\" style=\"padding-top:0;padding-bottom:0\">momente geniessen<\/h1>\n\n\n\n<p class=\"has-medium-font-size\">Willkommen bei unserer Fotogalerie des Musikfests 2025! Erleben Sie die unvergesslichen Momente unseres dreit\u00e4gigen Jubil\u00e4umsfests, bei dem der Musikverein Ligist-Krottendorf sein 100-j\u00e4hriges Bestehen gefeiert hat. Viel Spa\u00df beim Durchst\u00f6bern der Bilder!<\/p>\n\n\n\n<div class=\"wp-block-columns is-layout-flex wp-container-core-columns-is-layout-9d6595d7 wp-block-columns-is-layout-flex\">\n<div class=\"wp-block-column is-layout-flow wp-block-column-is-layout-flow\">\n<figure class=\"wp-block-image size-full\"><a href=\"https:\/\/photos.app.goo.gl\/dFja156PRkXD9Gy57\" target=\"_blank\" rel=\" noreferrer noopener\"><img loading=\"lazy\" decoding=\"async\" width=\"893\" height=\"723\" src=\"https:\/\/mv-ligist-krottendorf.at\/musikfest\/wp-content\/uploads\/2025\/04\/foto-donnerstag.png\" alt=\"\" class=\"wp-image-1374\" srcset=\"https:\/\/mv-ligist-krottendorf.at\/musikfest\/wp-content\/uploads\/2025\/04\/foto-donnerstag.png 893w, https:\/\/mv-ligist-krottendorf.at\/musikfest\/wp-content\/uploads\/2025\/04\/foto-donnerstag-768x622.png 768w\" sizes=\"auto, (max-width: 893px) 100vw, 893px\" \/><\/a><\/figure>\n<\/div>\n\n\n\n<div class=\"wp-block-column is-layout-flow wp-block-column-is-layout-flow\">\n<figure class=\"wp-block-image size-full\"><a href=\"https:\/\/photos.app.goo.gl\/1R4wuNb6jH2ySV787\" target=\"_blank\" rel=\" noreferrer noopener\"><img loading=\"lazy\" decoding=\"async\" width=\"800\" height=\"648\" src=\"https:\/\/mv-ligist-krottendorf.at\/musikfest\/wp-content\/uploads\/2025\/03\/fotos-freitag.png\" alt=\"Fotogalerie Oberkrainer-Abend\" class=\"wp-image-1235\" srcset=\"https:\/\/mv-ligist-krottendorf.at\/musikfest\/wp-content\/uploads\/2025\/03\/fotos-freitag.png 800w, https:\/\/mv-ligist-krottendorf.at\/musikfest\/wp-content\/uploads\/2025\/03\/fotos-freitag-768x622.png 768w\" sizes=\"auto, (max-width: 800px) 100vw, 800px\" \/><\/a><\/figure>\n<\/div>\n<\/div>\n\n\n\n<div class=\"wp-block-columns is-layout-flex wp-container-core-columns-is-layout-9d6595d7 wp-block-columns-is-layout-flex\">\n<div class=\"wp-block-column is-layout-flow wp-block-column-is-layout-flow\">\n<figure class=\"wp-block-image size-full\"><a href=\"https:\/\/photos.app.goo.gl\/ZBjr6N3NKzDxhdAR8\" target=\"_blank\" rel=\" noreferrer noopener\"><img loading=\"lazy\" decoding=\"async\" width=\"800\" height=\"648\" src=\"https:\/\/mv-ligist-krottendorf.at\/musikfest\/wp-content\/uploads\/2025\/03\/fotos-samstag.png\" alt=\"Fotogalerie Trachten-Party\" class=\"wp-image-1236\" srcset=\"https:\/\/mv-ligist-krottendorf.at\/musikfest\/wp-content\/uploads\/2025\/03\/fotos-samstag.png 800w, https:\/\/mv-ligist-krottendorf.at\/musikfest\/wp-content\/uploads\/2025\/03\/fotos-samstag-768x622.png 768w\" sizes=\"auto, (max-width: 800px) 100vw, 800px\" \/><\/a><\/figure>\n<\/div>\n\n\n\n<div class=\"wp-block-column is-layout-flow wp-block-column-is-layout-flow\">\n<figure class=\"wp-block-image size-full\"><a href=\"https:\/\/photos.app.goo.gl\/Fh5kF5xVeZZeScgZ7\" target=\"_blank\" rel=\" noreferrer noopener\"><img loading=\"lazy\" decoding=\"async\" width=\"800\" height=\"648\" src=\"https:\/\/mv-ligist-krottendorf.at\/musikfest\/wp-content\/uploads\/2025\/03\/fotos-sonntag.png\" alt=\"Fotogalerie Bezirksmusikfest\" class=\"wp-image-1237\" srcset=\"https:\/\/mv-ligist-krottendorf.at\/musikfest\/wp-content\/uploads\/2025\/03\/fotos-sonntag.png 800w, https:\/\/mv-ligist-krottendorf.at\/musikfest\/wp-content\/uploads\/2025\/03\/fotos-sonntag-768x622.png 768w\" sizes=\"auto, (max-width: 800px) 100vw, 800px\" \/><\/a><\/figure>\n<\/div>\n<\/div>\n\n\n\n<div style=\"height:100px\" aria-hidden=\"true\" class=\"wp-block-spacer\"><\/div>\n","protected":false},"excerpt":{"rendered":"<p>momente geniessen Willkommen bei unserer Fotogalerie des Musikfests 2025! Erleben Sie die unvergesslichen Momente unseres dreit\u00e4gigen Jubil\u00e4umsfests, bei dem der Musikverein Ligist-Krottendorf sein 100-j\u00e4hriges Bestehen gefeiert hat. Viel Spa\u00df beim Durchst\u00f6bern der Bilder!<\/p>\n","protected":false},"author":1,"featured_media":924,"parent":0,"menu_order":0,"comment_status":"closed","ping_status":"closed","template":"","meta":{"neve_meta_sidebar":"","neve_meta_container":"","neve_meta_enable_content_width":"","neve_meta_content_width":0,"neve_meta_title_alignment":"","neve_meta_author_avatar":"","neve_post_elements_order":"","neve_meta_disable_header":"","neve_meta_disable_footer":"","neve_meta_disable_title":"on","_themeisle_gutenberg_block_has_review":false,"footnotes":""},"class_list":["post-896","page","type-page","status-publish","has-post-thumbnail","hentry"],"yoast_head":"<!-- This site is optimized with the Yoast SEO plugin v25.9 - https:\/\/yoast.com\/wordpress\/plugins\/seo\/ -->\n<title>Fotos | Musikfest 2025 | So klingt Ligist<\/title>\n<meta name=\"description\" content=\"Entdecken Sie die sch\u00f6nsten Momente vom Musikfest 2025 in Ligist! In dieser Fotogalerie finden Sie die Highlights des Jubil\u00e4umsfests zum 100-j\u00e4hrigen Bestehen des Musikvereins Ligist-Krottendorf.\" \/>\n<meta name=\"robots\" content=\"index, follow, max-snippet:-1, max-image-preview:large, max-video-preview:-1\" \/>\n<link rel=\"canonical\" href=\"https:\/\/mv-ligist-krottendorf.at\/musikfest\/fotos\/\" \/>\n<meta property=\"og:locale\" content=\"de_DE\" \/>\n<meta property=\"og:type\" content=\"article\" \/>\n<meta property=\"og:title\" content=\"Fotos | Musikfest 2025 | So klingt Ligist\" \/>\n<meta property=\"og:description\" content=\"Entdecken Sie die sch\u00f6nsten Momente vom Musikfest 2025 in Ligist! In dieser Fotogalerie finden Sie die Highlights des Jubil\u00e4umsfests zum 100-j\u00e4hrigen Bestehen des Musikvereins Ligist-Krottendorf.\" \/>\n<meta property=\"og:url\" content=\"https:\/\/mv-ligist-krottendorf.at\/musikfest\/fotos\/\" \/>\n<meta property=\"og:site_name\" content=\"Musikfest 2025 | So klingt Ligist\" \/>\n<meta property=\"article:modified_time\" content=\"2025-04-30T05:03:15+00:00\" \/>\n<meta property=\"og:image\" content=\"https:\/\/mv-ligist-krottendorf.at\/musikfest\/wp-content\/uploads\/2024\/06\/pixabay-kamera.jpg\" \/>\n\t<meta property=\"og:image:width\" content=\"2000\" \/>\n\t<meta property=\"og:image:height\" content=\"1333\" \/>\n\t<meta property=\"og:image:type\" content=\"image\/jpeg\" \/>\n<meta name=\"twitter:card\" content=\"summary_large_image\" \/>\n<meta name=\"twitter:label1\" content=\"Gesch\u00e4tzte Lesezeit\" \/>\n\t<meta name=\"twitter:data1\" content=\"2 Minuten\" \/>\n<script type=\"application\/ld+json\" class=\"yoast-schema-graph\">{\"@context\":\"https:\/\/schema.org\",\"@graph\":[{\"@type\":\"WebPage\",\"@id\":\"https:\/\/mv-ligist-krottendorf.at\/musikfest\/fotos\/\",\"url\":\"https:\/\/mv-ligist-krottendorf.at\/musikfest\/fotos\/\",\"name\":\"Fotos | Musikfest 2025 | So klingt Ligist\",\"isPartOf\":{\"@id\":\"https:\/\/mv-ligist-krottendorf.at\/musikfest\/#website\"},\"primaryImageOfPage\":{\"@id\":\"https:\/\/mv-ligist-krottendorf.at\/musikfest\/fotos\/#primaryimage\"},\"image\":{\"@id\":\"https:\/\/mv-ligist-krottendorf.at\/musikfest\/fotos\/#primaryimage\"},\"thumbnailUrl\":\"https:\/\/mv-ligist-krottendorf.at\/musikfest\/wp-content\/uploads\/2024\/06\/pixabay-kamera.jpg\",\"datePublished\":\"2024-06-25T13:05:54+00:00\",\"dateModified\":\"2025-04-30T05:03:15+00:00\",\"description\":\"Entdecken Sie die sch\u00f6nsten Momente vom Musikfest 2025 in Ligist! In dieser Fotogalerie finden Sie die Highlights des Jubil\u00e4umsfests zum 100-j\u00e4hrigen Bestehen des Musikvereins Ligist-Krottendorf.\",\"breadcrumb\":{\"@id\":\"https:\/\/mv-ligist-krottendorf.at\/musikfest\/fotos\/#breadcrumb\"},\"inLanguage\":\"de-AT\",\"potentialAction\":[{\"@type\":\"ReadAction\",\"target\":[\"https:\/\/mv-ligist-krottendorf.at\/musikfest\/fotos\/\"]}]},{\"@type\":\"ImageObject\",\"inLanguage\":\"de-AT\",\"@id\":\"https:\/\/mv-ligist-krottendorf.at\/musikfest\/fotos\/#primaryimage\",\"url\":\"https:\/\/mv-ligist-krottendorf.at\/musikfest\/wp-content\/uploads\/2024\/06\/pixabay-kamera.jpg\",\"contentUrl\":\"https:\/\/mv-ligist-krottendorf.at\/musikfest\/wp-content\/uploads\/2024\/06\/pixabay-kamera.jpg\",\"width\":2000,\"height\":1333,\"caption\":\"Close-up einer Spiegelreflexkamera mit der Ansicht von vorne\"},{\"@type\":\"BreadcrumbList\",\"@id\":\"https:\/\/mv-ligist-krottendorf.at\/musikfest\/fotos\/#breadcrumb\",\"itemListElement\":[{\"@type\":\"ListItem\",\"position\":1,\"name\":\"Startseite\",\"item\":\"https:\/\/mv-ligist-krottendorf.at\/musikfest\/\"},{\"@type\":\"ListItem\",\"position\":2,\"name\":\"Fotos\"}]},{\"@type\":\"WebSite\",\"@id\":\"https:\/\/mv-ligist-krottendorf.at\/musikfest\/#website\",\"url\":\"https:\/\/mv-ligist-krottendorf.at\/musikfest\/\",\"name\":\"Musikfest 2025 | So klingt Ligist\",\"description\":\"Jubil\u00e4ums- und Bezirksmusikfest des Musikverein Ligist-Krottendorf\",\"publisher\":{\"@id\":\"https:\/\/mv-ligist-krottendorf.at\/musikfest\/#organization\"},\"potentialAction\":[{\"@type\":\"SearchAction\",\"target\":{\"@type\":\"EntryPoint\",\"urlTemplate\":\"https:\/\/mv-ligist-krottendorf.at\/musikfest\/?s={search_term_string}\"},\"query-input\":{\"@type\":\"PropertyValueSpecification\",\"valueRequired\":true,\"valueName\":\"search_term_string\"}}],\"inLanguage\":\"de-AT\"},{\"@type\":\"Organization\",\"@id\":\"https:\/\/mv-ligist-krottendorf.at\/musikfest\/#organization\",\"name\":\"Musikverein Ligist-Krottendorf\",\"url\":\"https:\/\/mv-ligist-krottendorf.at\/musikfest\/\",\"logo\":{\"@type\":\"ImageObject\",\"inLanguage\":\"de-AT\",\"@id\":\"https:\/\/mv-ligist-krottendorf.at\/musikfest\/#\/schema\/logo\/image\/\",\"url\":\"https:\/\/mv-ligist-krottendorf.at\/musikfest\/wp-content\/uploads\/2024\/06\/logo-musikfest2025-soklingtligist-1.png\",\"contentUrl\":\"https:\/\/mv-ligist-krottendorf.at\/musikfest\/wp-content\/uploads\/2024\/06\/logo-musikfest2025-soklingtligist-1.png\",\"width\":2000,\"height\":2000,\"caption\":\"Musikverein Ligist-Krottendorf\"},\"image\":{\"@id\":\"https:\/\/mv-ligist-krottendorf.at\/musikfest\/#\/schema\/logo\/image\/\"}}]}<\/script>\n<!-- \/ Yoast SEO plugin. -->","yoast_head_json":{"title":"Fotos | Musikfest 2025 | So klingt Ligist","description":"Entdecken Sie die sch\u00f6nsten Momente vom Musikfest 2025 in Ligist! In dieser Fotogalerie finden Sie die Highlights des Jubil\u00e4umsfests zum 100-j\u00e4hrigen Bestehen des Musikvereins Ligist-Krottendorf.","robots":{"index":"index","follow":"follow","max-snippet":"max-snippet:-1","max-image-preview":"max-image-preview:large","max-video-preview":"max-video-preview:-1"},"canonical":"https:\/\/mv-ligist-krottendorf.at\/musikfest\/fotos\/","og_locale":"de_DE","og_type":"article","og_title":"Fotos | Musikfest 2025 | So klingt Ligist","og_description":"Entdecken Sie die sch\u00f6nsten Momente vom Musikfest 2025 in Ligist! In dieser Fotogalerie finden Sie die Highlights des Jubil\u00e4umsfests zum 100-j\u00e4hrigen Bestehen des Musikvereins Ligist-Krottendorf.","og_url":"https:\/\/mv-ligist-krottendorf.at\/musikfest\/fotos\/","og_site_name":"Musikfest 2025 | So klingt Ligist","article_modified_time":"2025-04-30T05:03:15+00:00","og_image":[{"width":2000,"height":1333,"url":"https:\/\/mv-ligist-krottendorf.at\/musikfest\/wp-content\/uploads\/2024\/06\/pixabay-kamera.jpg","type":"image\/jpeg"}],"twitter_card":"summary_large_image","twitter_misc":{"Gesch\u00e4tzte Lesezeit":"2 Minuten"},"schema":{"@context":"https:\/\/schema.org","@graph":[{"@type":"WebPage","@id":"https:\/\/mv-ligist-krottendorf.at\/musikfest\/fotos\/","url":"https:\/\/mv-ligist-krottendorf.at\/musikfest\/fotos\/","name":"Fotos | Musikfest 2025 | So klingt Ligist","isPartOf":{"@id":"https:\/\/mv-ligist-krottendorf.at\/musikfest\/#website"},"primaryImageOfPage":{"@id":"https:\/\/mv-ligist-krottendorf.at\/musikfest\/fotos\/#primaryimage"},"image":{"@id":"https:\/\/mv-ligist-krottendorf.at\/musikfest\/fotos\/#primaryimage"},"thumbnailUrl":"https:\/\/mv-ligist-krottendorf.at\/musikfest\/wp-content\/uploads\/2024\/06\/pixabay-kamera.jpg","datePublished":"2024-06-25T13:05:54+00:00","dateModified":"2025-04-30T05:03:15+00:00","description":"Entdecken Sie die sch\u00f6nsten Momente vom Musikfest 2025 in Ligist! In dieser Fotogalerie finden Sie die Highlights des Jubil\u00e4umsfests zum 100-j\u00e4hrigen Bestehen des Musikvereins Ligist-Krottendorf.","breadcrumb":{"@id":"https:\/\/mv-ligist-krottendorf.at\/musikfest\/fotos\/#breadcrumb"},"inLanguage":"de-AT","potentialAction":[{"@type":"ReadAction","target":["https:\/\/mv-ligist-krottendorf.at\/musikfest\/fotos\/"]}]},{"@type":"ImageObject","inLanguage":"de-AT","@id":"https:\/\/mv-ligist-krottendorf.at\/musikfest\/fotos\/#primaryimage","url":"https:\/\/mv-ligist-krottendorf.at\/musikfest\/wp-content\/uploads\/2024\/06\/pixabay-kamera.jpg","contentUrl":"https:\/\/mv-ligist-krottendorf.at\/musikfest\/wp-content\/uploads\/2024\/06\/pixabay-kamera.jpg","width":2000,"height":1333,"caption":"Close-up einer Spiegelreflexkamera mit der Ansicht von vorne"},{"@type":"BreadcrumbList","@id":"https:\/\/mv-ligist-krottendorf.at\/musikfest\/fotos\/#breadcrumb","itemListElement":[{"@type":"ListItem","position":1,"name":"Startseite","item":"https:\/\/mv-ligist-krottendorf.at\/musikfest\/"},{"@type":"ListItem","position":2,"name":"Fotos"}]},{"@type":"WebSite","@id":"https:\/\/mv-ligist-krottendorf.at\/musikfest\/#website","url":"https:\/\/mv-ligist-krottendorf.at\/musikfest\/","name":"Musikfest 2025 | So klingt Ligist","description":"Jubil\u00e4ums- und Bezirksmusikfest des Musikverein Ligist-Krottendorf","publisher":{"@id":"https:\/\/mv-ligist-krottendorf.at\/musikfest\/#organization"},"potentialAction":[{"@type":"SearchAction","target":{"@type":"EntryPoint","urlTemplate":"https:\/\/mv-ligist-krottendorf.at\/musikfest\/?s={search_term_string}"},"query-input":{"@type":"PropertyValueSpecification","valueRequired":true,"valueName":"search_term_string"}}],"inLanguage":"de-AT"},{"@type":"Organization","@id":"https:\/\/mv-ligist-krottendorf.at\/musikfest\/#organization","name":"Musikverein Ligist-Krottendorf","url":"https:\/\/mv-ligist-krottendorf.at\/musikfest\/","logo":{"@type":"ImageObject","inLanguage":"de-AT","@id":"https:\/\/mv-ligist-krottendorf.at\/musikfest\/#\/schema\/logo\/image\/","url":"https:\/\/mv-ligist-krottendorf.at\/musikfest\/wp-content\/uploads\/2024\/06\/logo-musikfest2025-soklingtligist-1.png","contentUrl":"https:\/\/mv-ligist-krottendorf.at\/musikfest\/wp-content\/uploads\/2024\/06\/logo-musikfest2025-soklingtligist-1.png","width":2000,"height":2000,"caption":"Musikverein Ligist-Krottendorf"},"image":{"@id":"https:\/\/mv-ligist-krottendorf.at\/musikfest\/#\/schema\/logo\/image\/"}}]}},"_links":{"self":[{"href":"https:\/\/mv-ligist-krottendorf.at\/musikfest\/wp-json\/wp\/v2\/pages\/896","targetHints":{"allow":["GET"]}}],"collection":[{"href":"https:\/\/mv-ligist-krottendorf.at\/musikfest\/wp-json\/wp\/v2\/pages"}],"about":[{"href":"https:\/\/mv-ligist-krottendorf.at\/musikfest\/wp-json\/wp\/v2\/types\/page"}],"author":[{"embeddable":true,"href":"https:\/\/mv-ligist-krottendorf.at\/musikfest\/wp-json\/wp\/v2\/users\/1"}],"replies":[{"embeddable":true,"href":"https:\/\/mv-ligist-krottendorf.at\/musikfest\/wp-json\/wp\/v2\/comments?post=896"}],"version-history":[{"count":31,"href":"https:\/\/mv-ligist-krottendorf.at\/musikfest\/wp-json\/wp\/v2\/pages\/896\/revisions"}],"predecessor-version":[{"id":1533,"href":"https:\/\/mv-ligist-krottendorf.at\/musikfest\/wp-json\/wp\/v2\/pages\/896\/revisions\/1533"}],"wp:featuredmedia":[{"embeddable":true,"href":"https:\/\/mv-ligist-krottendorf.at\/musikfest\/wp-json\/wp\/v2\/media\/924"}],"wp:attachment":[{"href":"https:\/\/mv-ligist-krottendorf.at\/musikfest\/wp-json\/wp\/v2\/media?parent=896"}],"curies":[{"name":"wp","href":"https:\/\/api.w.org\/{rel}","templated":true}]}}