{"id":61,"date":"2020-01-23T18:21:52","date_gmt":"2020-01-23T18:21:52","guid":{"rendered":"https:\/\/demosites.io\/web-agency-gb\/?page_id=61"},"modified":"2025-02-24T14:29:31","modified_gmt":"2025-02-24T13:29:31","slug":"impressum","status":"publish","type":"page","link":"https:\/\/mv-ligist-krottendorf.at\/musikfest\/impressum\/","title":{"rendered":"Impressum"},"content":{"rendered":"\n<div class=\"wp-block-cover alignfull\" style=\"padding-top:var(--wp--preset--spacing--80);padding-right:var(--wp--preset--spacing--30);padding-bottom:var(--wp--preset--spacing--40);padding-left:var(--wp--preset--spacing--50);min-height:150px;aspect-ratio:unset;\"><span aria-hidden=\"true\" class=\"wp-block-cover__background has-nv-site-bg-background-color has-background-dim-100 has-background-dim\"><\/span><div class=\"wp-block-cover__inner-container is-layout-flow wp-block-cover-is-layout-flow\">\n<div class=\"wp-block-group\"><div class=\"wp-block-group__inner-container is-layout-flow wp-block-group-is-layout-flow\">\n<h1 class=\"wp-block-heading has-text-align-left has-neve-text-color-color has-text-color\">impressum<\/h1>\n<\/div><\/div>\n<\/div><\/div>\n\n\n\n<div class=\"wp-block-columns is-layout-flex wp-container-core-columns-is-layout-88098167 wp-block-columns-is-layout-flex\" style=\"padding-right:var(--wp--preset--spacing--30);padding-left:var(--wp--preset--spacing--30)\">\n<div class=\"wp-block-column is-layout-flow wp-block-column-is-layout-flow\">\n<h4 class=\"wp-block-heading has-neve-text-color-color has-text-color\">Musikverein Ligist-Krottendorf<\/h4>\n\n\n\n<p>ZVR-Zahl: 122 167 620<br>Blasmusikverband Steiermark<br>ST\/20\/08, Bezirk Voitsberg<br>Vereinssitz: Ligist 51, A-8563 Ligist<\/p>\n\n\n\n<h4 class=\"wp-block-heading\">Organschaftliche Vertreter<\/h4>\n\n\n\n<p>Franz Herbst, Tel.: 0664 \/ 50 42 607<br>E-Mail: <a href=\"mailto:office@mv-ligist-krottendorf.at\" target=\"_blank\" rel=\"noreferrer noopener\">office@mv-ligist-krottendorf.at<\/a><br>Web: <a href=\"https:\/\/www.mv-ligist-krottendorf.at\/\">www.mv-ligist-krottendorf.at<\/a><\/p>\n\n\n\n<h4 class=\"wp-block-heading\">Bankverbindung<\/h4>\n\n\n\n<p>Musikfest 2025<br>Musikverein Ligist-Krottendorf<br>Raiffeisenbank Lipizzanerheimat <br>IBAN: AT30 3848 7000 0219 0445<\/p>\n\n\n\n<h4 class=\"wp-block-heading\">Bildernachweis<\/h4>\n\n\n\n<p>Die Bilder, Fotos, Videos und Grafiken auf dieser Webseite sind urheberrechtlich gesch\u00fctzt. Die Rechte liegen bei: Musikverein Ligist-Krottendorf, Steiermark Tourismus\/Reinhard Lamm, Pixabay, Sa\u0161o Avsenik und seine Oberkrainer\/Rok Mlinar, Musikverein Harmonie Andelsbuch, Sulmtal Express\/Markus Ponhold.<\/p>\n<\/div>\n\n\n\n<div class=\"wp-block-column is-layout-flow wp-block-column-is-layout-flow\">\n<h4 class=\"wp-block-heading\">Haftung f\u00fcr Inhalte dieser Website<\/h4>\n\n\n\n<p>Wir entwickeln die Inhalte dieser Website st\u00e4ndig weiter und bem\u00fchen uns korrekte und aktuelle Informationen bereitzustellen. Leider k\u00f6nnen wir keine Haftung f\u00fcr die Korrektheit aller Inhalte auf dieser Website \u00fcbernehmen, speziell f\u00fcr jene, die seitens Dritter bereitgestellt wurden. Als Diensteanbieter sind wir nicht verpflichtet, die von Ihnen \u00fcbermittelten oder gespeicherten Informationen zu \u00fcberwachen oder nach Umst\u00e4nden zu forschen, die auf eine rechtswidrige T\u00e4tigkeit hinweisen. Unsere Verpflichtungen zur Entfernung von Informationen oder zur Sperrung der Nutzung von Informationen nach den allgemeinen Gesetzen aufgrund von gerichtlichen oder beh\u00f6rdlichen Anordnungen bleiben auch im Falle unserer Nichtverantwortlichkeit davon unber\u00fchrt.<\/p>\n\n\n\n<h4 class=\"wp-block-heading\">Haftung f\u00fcr Links auf dieser Website<\/h4>\n\n\n\n<p>Unsere Website enth\u00e4lt Links zu anderen Websites f\u00fcr deren Inhalt wir nicht verantwortlich sind. Haftung f\u00fcr verlinkte Websites besteht f\u00fcr uns nicht, da wir keine Kenntnis rechtswidriger T\u00e4tigkeiten hatten und haben, uns solche Rechtswidrigkeiten auch bisher nicht aufgefallen sind und wir Links sofort entfernen w\u00fcrden, wenn uns Rechtswidrigkeiten bekannt werden.<\/p>\n\n\n\n<h4 class=\"wp-block-heading\">Urheberrechtshinweis<\/h4>\n\n\n\n<p>Alle Inhalte dieser Webseite (Bilder, Fotos, Texte, Videos) unterliegen dem Urheberrecht. Bitte fragen Sie uns bevor Sie die Inhalte dieser Website verbreiten, vervielf\u00e4ltigen oder verwerten wie zum Beispiel auf anderen Websites erneut ver\u00f6ffentlichen. Falls notwendig, werden wir die unerlaubte Nutzung von Teilen der Inhalte unserer Seite rechtlich verfolgen.<\/p>\n<\/div>\n<\/div>\n\n\n\n<div style=\"height:100px\" aria-hidden=\"true\" class=\"wp-block-spacer\"><\/div>\n\n\n\n<div class=\"wp-block-cover alignfull has-nv-site-bg-color has-text-color has-link-color wp-elements-5807e1e7a6b95ce944b66565b838cc85\" style=\"padding-top:var(--wp--preset--spacing--50);padding-bottom:0;min-height:200px;aspect-ratio:unset;\"><span aria-hidden=\"true\" class=\"wp-block-cover__background has-nv-dark-bg-background-color has-background-dim-10 has-background-dim\"><\/span><img loading=\"lazy\" decoding=\"async\" width=\"2000\" height=\"1334\" class=\"wp-block-cover__image-background wp-image-387\" alt=\"Hintergrund von einem braunen Holzst\u00fcck\" src=\"https:\/\/mv-ligist-krottendorf.at\/musikfest\/wp-content\/uploads\/2024\/06\/hintergrund-braunes-holz.jpg\" style=\"object-position:50% 100%\" data-object-fit=\"cover\" data-object-position=\"50% 100%\" srcset=\"https:\/\/mv-ligist-krottendorf.at\/musikfest\/wp-content\/uploads\/2024\/06\/hintergrund-braunes-holz.jpg 2000w, https:\/\/mv-ligist-krottendorf.at\/musikfest\/wp-content\/uploads\/2024\/06\/hintergrund-braunes-holz-1000x667.jpg 1000w, https:\/\/mv-ligist-krottendorf.at\/musikfest\/wp-content\/uploads\/2024\/06\/hintergrund-braunes-holz-768x512.jpg 768w, https:\/\/mv-ligist-krottendorf.at\/musikfest\/wp-content\/uploads\/2024\/06\/hintergrund-braunes-holz-1536x1025.jpg 1536w, https:\/\/mv-ligist-krottendorf.at\/musikfest\/wp-content\/uploads\/2024\/06\/hintergrund-braunes-holz-930x620.jpg 930w\" sizes=\"auto, (max-width: 2000px) 100vw, 2000px\" \/><div class=\"wp-block-cover__inner-container is-layout-flow wp-block-cover-is-layout-flow\">\n<h2 class=\"wp-block-heading has-text-align-center has-nv-text-dark-bg-color has-text-color\">#soklingtligist<\/h2>\n<\/div><\/div>\n","protected":false},"excerpt":{"rendered":"<p>Musikverein Ligist-Krottendorf ZVR-Zahl: 122 167 620Blasmusikverband SteiermarkST\/20\/08, Bezirk VoitsbergVereinssitz: Ligist 51, A-8563 Ligist Organschaftliche Vertreter Franz Herbst, Tel.: 0664 \/ 50 42 607E-Mail: office@mv-ligist-krottendorf.atWeb: www.mv-ligist-krottendorf.at Bankverbindung Musikfest 2025Musikverein Ligist-KrottendorfRaiffeisenbank Lipizzanerheimat IBAN: AT30 3848 7000 0219 0445 Bildernachweis Die Bilder, Fotos, Videos und Grafiken auf dieser Webseite sind urheberrechtlich gesch\u00fctzt. Die Rechte liegen bei: Musikverein Ligist-Krottendorf,&hellip;&nbsp;<a href=\"https:\/\/mv-ligist-krottendorf.at\/musikfest\/impressum\/\" class=\"\" rel=\"bookmark\">Weiterlesen &raquo;<span class=\"screen-reader-text\">Impressum<\/span><\/a><\/p>\n","protected":false},"author":1,"featured_media":0,"parent":0,"menu_order":0,"comment_status":"closed","ping_status":"closed","template":"","meta":{"neve_meta_sidebar":"default","neve_meta_container":"default","neve_meta_enable_content_width":"on","neve_meta_content_width":100,"neve_meta_title_alignment":"","neve_meta_author_avatar":"","neve_post_elements_order":"","neve_meta_disable_header":"","neve_meta_disable_footer":"","neve_meta_disable_title":"on","_themeisle_gutenberg_block_has_review":false,"footnotes":""},"class_list":["post-61","page","type-page","status-publish","hentry"],"yoast_head":"<!-- This site is optimized with the Yoast SEO plugin v25.9 - https:\/\/yoast.com\/wordpress\/plugins\/seo\/ -->\n<title>Impressum | Musikfest 2025 | So klingt Ligist<\/title>\n<meta name=\"robots\" content=\"noindex, nofollow\" \/>\n<meta property=\"og:locale\" content=\"de_DE\" \/>\n<meta property=\"og:type\" content=\"article\" \/>\n<meta property=\"og:title\" content=\"Impressum | Musikfest 2025 | So klingt Ligist\" \/>\n<meta property=\"og:description\" content=\"Musikverein Ligist-Krottendorf ZVR-Zahl: 122 167 620Blasmusikverband SteiermarkST\/20\/08, Bezirk VoitsbergVereinssitz: Ligist 51, A-8563 Ligist Organschaftliche Vertreter Franz Herbst, Tel.: 0664 \/ 50 42 607E-Mail: office@mv-ligist-krottendorf.atWeb: www.mv-ligist-krottendorf.at Bankverbindung Musikfest 2025Musikverein Ligist-KrottendorfRaiffeisenbank Lipizzanerheimat IBAN: AT30 3848 7000 0219 0445 Bildernachweis Die Bilder, Fotos, Videos und Grafiken auf dieser Webseite sind urheberrechtlich gesch\u00fctzt. Die Rechte liegen bei: Musikverein Ligist-Krottendorf,&hellip;&nbsp;Weiterlesen &raquo;Impressum\" \/>\n<meta property=\"og:url\" content=\"https:\/\/mv-ligist-krottendorf.at\/musikfest\/impressum\/\" \/>\n<meta property=\"og:site_name\" content=\"Musikfest 2025 | So klingt Ligist\" \/>\n<meta property=\"article:modified_time\" content=\"2025-02-24T13:29:31+00:00\" \/>\n<meta property=\"og:image\" content=\"https:\/\/mv-ligist-krottendorf.at\/musikfest\/wp-content\/uploads\/2024\/06\/hintergrund-braunes-holz.jpg\" \/>\n\t<meta property=\"og:image:width\" content=\"2000\" \/>\n\t<meta property=\"og:image:height\" content=\"1334\" \/>\n\t<meta property=\"og:image:type\" content=\"image\/jpeg\" \/>\n<meta name=\"twitter:card\" content=\"summary_large_image\" \/>\n<meta name=\"twitter:label1\" content=\"Gesch\u00e4tzte Lesezeit\" \/>\n\t<meta name=\"twitter:data1\" content=\"2 Minuten\" \/>\n<script type=\"application\/ld+json\" class=\"yoast-schema-graph\">{\"@context\":\"https:\/\/schema.org\",\"@graph\":[{\"@type\":\"WebPage\",\"@id\":\"https:\/\/mv-ligist-krottendorf.at\/musikfest\/impressum\/\",\"url\":\"https:\/\/mv-ligist-krottendorf.at\/musikfest\/impressum\/\",\"name\":\"Impressum | Musikfest 2025 | So klingt Ligist\",\"isPartOf\":{\"@id\":\"https:\/\/mv-ligist-krottendorf.at\/musikfest\/#website\"},\"primaryImageOfPage\":{\"@id\":\"https:\/\/mv-ligist-krottendorf.at\/musikfest\/impressum\/#primaryimage\"},\"image\":{\"@id\":\"https:\/\/mv-ligist-krottendorf.at\/musikfest\/impressum\/#primaryimage\"},\"thumbnailUrl\":\"https:\/\/mv-ligist-krottendorf.at\/musikfest\/wp-content\/uploads\/2024\/06\/hintergrund-braunes-holz.jpg\",\"datePublished\":\"2020-01-23T18:21:52+00:00\",\"dateModified\":\"2025-02-24T13:29:31+00:00\",\"breadcrumb\":{\"@id\":\"https:\/\/mv-ligist-krottendorf.at\/musikfest\/impressum\/#breadcrumb\"},\"inLanguage\":\"de-AT\",\"potentialAction\":[{\"@type\":\"ReadAction\",\"target\":[\"https:\/\/mv-ligist-krottendorf.at\/musikfest\/impressum\/\"]}]},{\"@type\":\"ImageObject\",\"inLanguage\":\"de-AT\",\"@id\":\"https:\/\/mv-ligist-krottendorf.at\/musikfest\/impressum\/#primaryimage\",\"url\":\"https:\/\/mv-ligist-krottendorf.at\/musikfest\/wp-content\/uploads\/2024\/06\/hintergrund-braunes-holz.jpg\",\"contentUrl\":\"https:\/\/mv-ligist-krottendorf.at\/musikfest\/wp-content\/uploads\/2024\/06\/hintergrund-braunes-holz.jpg\",\"width\":2000,\"height\":1334,\"caption\":\"Hintergrund von einem braunen Holzst\u00fcck\"},{\"@type\":\"BreadcrumbList\",\"@id\":\"https:\/\/mv-ligist-krottendorf.at\/musikfest\/impressum\/#breadcrumb\",\"itemListElement\":[{\"@type\":\"ListItem\",\"position\":1,\"name\":\"Startseite\",\"item\":\"https:\/\/mv-ligist-krottendorf.at\/musikfest\/\"},{\"@type\":\"ListItem\",\"position\":2,\"name\":\"Impressum\"}]},{\"@type\":\"WebSite\",\"@id\":\"https:\/\/mv-ligist-krottendorf.at\/musikfest\/#website\",\"url\":\"https:\/\/mv-ligist-krottendorf.at\/musikfest\/\",\"name\":\"Musikfest 2025 | So klingt Ligist\",\"description\":\"Jubil\u00e4ums- und Bezirksmusikfest des Musikverein Ligist-Krottendorf\",\"publisher\":{\"@id\":\"https:\/\/mv-ligist-krottendorf.at\/musikfest\/#organization\"},\"potentialAction\":[{\"@type\":\"SearchAction\",\"target\":{\"@type\":\"EntryPoint\",\"urlTemplate\":\"https:\/\/mv-ligist-krottendorf.at\/musikfest\/?s={search_term_string}\"},\"query-input\":{\"@type\":\"PropertyValueSpecification\",\"valueRequired\":true,\"valueName\":\"search_term_string\"}}],\"inLanguage\":\"de-AT\"},{\"@type\":\"Organization\",\"@id\":\"https:\/\/mv-ligist-krottendorf.at\/musikfest\/#organization\",\"name\":\"Musikverein Ligist-Krottendorf\",\"url\":\"https:\/\/mv-ligist-krottendorf.at\/musikfest\/\",\"logo\":{\"@type\":\"ImageObject\",\"inLanguage\":\"de-AT\",\"@id\":\"https:\/\/mv-ligist-krottendorf.at\/musikfest\/#\/schema\/logo\/image\/\",\"url\":\"https:\/\/mv-ligist-krottendorf.at\/musikfest\/wp-content\/uploads\/2024\/06\/logo-musikfest2025-soklingtligist-1.png\",\"contentUrl\":\"https:\/\/mv-ligist-krottendorf.at\/musikfest\/wp-content\/uploads\/2024\/06\/logo-musikfest2025-soklingtligist-1.png\",\"width\":2000,\"height\":2000,\"caption\":\"Musikverein Ligist-Krottendorf\"},\"image\":{\"@id\":\"https:\/\/mv-ligist-krottendorf.at\/musikfest\/#\/schema\/logo\/image\/\"}}]}<\/script>\n<!-- \/ Yoast SEO plugin. -->","yoast_head_json":{"title":"Impressum | Musikfest 2025 | So klingt Ligist","robots":{"index":"noindex","follow":"nofollow"},"og_locale":"de_DE","og_type":"article","og_title":"Impressum | Musikfest 2025 | So klingt Ligist","og_description":"Musikverein Ligist-Krottendorf ZVR-Zahl: 122 167 620Blasmusikverband SteiermarkST\/20\/08, Bezirk VoitsbergVereinssitz: Ligist 51, A-8563 Ligist Organschaftliche Vertreter Franz Herbst, Tel.: 0664 \/ 50 42 607E-Mail: office@mv-ligist-krottendorf.atWeb: www.mv-ligist-krottendorf.at Bankverbindung Musikfest 2025Musikverein Ligist-KrottendorfRaiffeisenbank Lipizzanerheimat IBAN: AT30 3848 7000 0219 0445 Bildernachweis Die Bilder, Fotos, Videos und Grafiken auf dieser Webseite sind urheberrechtlich gesch\u00fctzt. Die Rechte liegen bei: Musikverein Ligist-Krottendorf,&hellip;&nbsp;Weiterlesen &raquo;Impressum","og_url":"https:\/\/mv-ligist-krottendorf.at\/musikfest\/impressum\/","og_site_name":"Musikfest 2025 | So klingt Ligist","article_modified_time":"2025-02-24T13:29:31+00:00","og_image":[{"width":2000,"height":1334,"url":"https:\/\/mv-ligist-krottendorf.at\/musikfest\/wp-content\/uploads\/2024\/06\/hintergrund-braunes-holz.jpg","type":"image\/jpeg"}],"twitter_card":"summary_large_image","twitter_misc":{"Gesch\u00e4tzte Lesezeit":"2 Minuten"},"schema":{"@context":"https:\/\/schema.org","@graph":[{"@type":"WebPage","@id":"https:\/\/mv-ligist-krottendorf.at\/musikfest\/impressum\/","url":"https:\/\/mv-ligist-krottendorf.at\/musikfest\/impressum\/","name":"Impressum | Musikfest 2025 | So klingt Ligist","isPartOf":{"@id":"https:\/\/mv-ligist-krottendorf.at\/musikfest\/#website"},"primaryImageOfPage":{"@id":"https:\/\/mv-ligist-krottendorf.at\/musikfest\/impressum\/#primaryimage"},"image":{"@id":"https:\/\/mv-ligist-krottendorf.at\/musikfest\/impressum\/#primaryimage"},"thumbnailUrl":"https:\/\/mv-ligist-krottendorf.at\/musikfest\/wp-content\/uploads\/2024\/06\/hintergrund-braunes-holz.jpg","datePublished":"2020-01-23T18:21:52+00:00","dateModified":"2025-02-24T13:29:31+00:00","breadcrumb":{"@id":"https:\/\/mv-ligist-krottendorf.at\/musikfest\/impressum\/#breadcrumb"},"inLanguage":"de-AT","potentialAction":[{"@type":"ReadAction","target":["https:\/\/mv-ligist-krottendorf.at\/musikfest\/impressum\/"]}]},{"@type":"ImageObject","inLanguage":"de-AT","@id":"https:\/\/mv-ligist-krottendorf.at\/musikfest\/impressum\/#primaryimage","url":"https:\/\/mv-ligist-krottendorf.at\/musikfest\/wp-content\/uploads\/2024\/06\/hintergrund-braunes-holz.jpg","contentUrl":"https:\/\/mv-ligist-krottendorf.at\/musikfest\/wp-content\/uploads\/2024\/06\/hintergrund-braunes-holz.jpg","width":2000,"height":1334,"caption":"Hintergrund von einem braunen Holzst\u00fcck"},{"@type":"BreadcrumbList","@id":"https:\/\/mv-ligist-krottendorf.at\/musikfest\/impressum\/#breadcrumb","itemListElement":[{"@type":"ListItem","position":1,"name":"Startseite","item":"https:\/\/mv-ligist-krottendorf.at\/musikfest\/"},{"@type":"ListItem","position":2,"name":"Impressum"}]},{"@type":"WebSite","@id":"https:\/\/mv-ligist-krottendorf.at\/musikfest\/#website","url":"https:\/\/mv-ligist-krottendorf.at\/musikfest\/","name":"Musikfest 2025 | So klingt Ligist","description":"Jubil\u00e4ums- und Bezirksmusikfest des Musikverein Ligist-Krottendorf","publisher":{"@id":"https:\/\/mv-ligist-krottendorf.at\/musikfest\/#organization"},"potentialAction":[{"@type":"SearchAction","target":{"@type":"EntryPoint","urlTemplate":"https:\/\/mv-ligist-krottendorf.at\/musikfest\/?s={search_term_string}"},"query-input":{"@type":"PropertyValueSpecification","valueRequired":true,"valueName":"search_term_string"}}],"inLanguage":"de-AT"},{"@type":"Organization","@id":"https:\/\/mv-ligist-krottendorf.at\/musikfest\/#organization","name":"Musikverein Ligist-Krottendorf","url":"https:\/\/mv-ligist-krottendorf.at\/musikfest\/","logo":{"@type":"ImageObject","inLanguage":"de-AT","@id":"https:\/\/mv-ligist-krottendorf.at\/musikfest\/#\/schema\/logo\/image\/","url":"https:\/\/mv-ligist-krottendorf.at\/musikfest\/wp-content\/uploads\/2024\/06\/logo-musikfest2025-soklingtligist-1.png","contentUrl":"https:\/\/mv-ligist-krottendorf.at\/musikfest\/wp-content\/uploads\/2024\/06\/logo-musikfest2025-soklingtligist-1.png","width":2000,"height":2000,"caption":"Musikverein Ligist-Krottendorf"},"image":{"@id":"https:\/\/mv-ligist-krottendorf.at\/musikfest\/#\/schema\/logo\/image\/"}}]}},"_links":{"self":[{"href":"https:\/\/mv-ligist-krottendorf.at\/musikfest\/wp-json\/wp\/v2\/pages\/61","targetHints":{"allow":["GET"]}}],"collection":[{"href":"https:\/\/mv-ligist-krottendorf.at\/musikfest\/wp-json\/wp\/v2\/pages"}],"about":[{"href":"https:\/\/mv-ligist-krottendorf.at\/musikfest\/wp-json\/wp\/v2\/types\/page"}],"author":[{"embeddable":true,"href":"https:\/\/mv-ligist-krottendorf.at\/musikfest\/wp-json\/wp\/v2\/users\/1"}],"replies":[{"embeddable":true,"href":"https:\/\/mv-ligist-krottendorf.at\/musikfest\/wp-json\/wp\/v2\/comments?post=61"}],"version-history":[{"count":20,"href":"https:\/\/mv-ligist-krottendorf.at\/musikfest\/wp-json\/wp\/v2\/pages\/61\/revisions"}],"predecessor-version":[{"id":1201,"href":"https:\/\/mv-ligist-krottendorf.at\/musikfest\/wp-json\/wp\/v2\/pages\/61\/revisions\/1201"}],"wp:attachment":[{"href":"https:\/\/mv-ligist-krottendorf.at\/musikfest\/wp-json\/wp\/v2\/media?parent=61"}],"curies":[{"name":"wp","href":"https:\/\/api.w.org\/{rel}","templated":true}]}}