{"id":1423,"date":"2025-04-23T08:28:25","date_gmt":"2025-04-23T06:28:25","guid":{"rendered":"https:\/\/mv-ligist-krottendorf.at\/musikfest\/?page_id=1423"},"modified":"2025-08-17T13:38:26","modified_gmt":"2025-08-17T11:38:26","slug":"gewinnspiel","status":"publish","type":"page","link":"https:\/\/mv-ligist-krottendorf.at\/musikfest\/gewinnspiel\/","title":{"rendered":"Gewinnspiel"},"content":{"rendered":"\n<section id=\"festablauf\" class=\"wp-block-themeisle-blocks-advanced-columns alignfull has-1-columns has-desktop-equal-layout has-tablet-equal-layout has-mobile-equal-layout has-vertical-flex-start has-light-bg\"><div class=\"wp-block-themeisle-blocks-advanced-columns-overlay\"><\/div><div class=\"innerblocks-wrap\">\n<div id=\"wp-block-themeisle-blocks-advanced-column-0b9db5af\" class=\"wp-block-themeisle-blocks-advanced-column\">\n<section id=\"wp-block-themeisle-blocks-advanced-columns-62d68e08\" class=\"wp-block-themeisle-blocks-advanced-columns has-1-columns has-desktop-equal-layout has-tablet-equal-layout has-mobile-equal-layout has-vertical-flex-start\"><div class=\"wp-block-themeisle-blocks-advanced-columns-overlay\"><\/div><div class=\"innerblocks-wrap\">\n<div id=\"wp-block-themeisle-blocks-advanced-column-ba020b38\" class=\"wp-block-themeisle-blocks-advanced-column\">\n<h1 class=\"wp-block-heading\">GEWINNSPIEL<\/h1>\n\n\n\n<h2 class=\"wp-block-heading has-text-align-left has-neve-text-color-color has-text-color has-link-color wp-elements-6ac815eddcd5b79c0176352c0143319e\" id=\"partner\" style=\"padding-top:0;padding-bottom:0\">mach mit und gewinne!<\/h2>\n\n\n\n<p class=\"has-medium-font-size\">Bei unserem Blasmusikfest wird nicht nur gefeiert, musiziert und angesto\u00dfen \u2013 es gibt auch was zu gewinnen! Hol dir dein Tombola-Los und sichere dir die Chance auf tolle Preise wie eine hochwertige Trompete, einen Trachtengutschein oder ein z\u00fcnftiges Getr\u00e4nkepaket. Jedes Los bringt ein St\u00fcck Spannung \u2013 und vielleicht auch dein Gl\u00fcck!<\/p>\n\n\n\n<p class=\"has-medium-font-size\"><strong>Lospreis: 5,00 Euro. <\/strong><br><strong>Lose sind am Freitag, Samstag und Sonntag direkt beim Musikfest erh\u00e4ltlich.<br>Verlosung: Sonntag,\u20097. September 2025 um 14:00&nbsp;Uhr.<\/strong><\/p>\n<\/div>\n<\/div><\/section>\n<\/div>\n<\/div><\/section>\n\n\n\n<div class=\"wp-block-cover alignfull\" style=\"padding-top:var(--wp--preset--spacing--70);padding-right:0;padding-bottom:var(--wp--preset--spacing--50);padding-left:0\"><span aria-hidden=\"true\" class=\"wp-block-cover__background has-nv-light-bg-background-color has-background-dim-100 has-background-dim\"><\/span><div class=\"wp-block-cover__inner-container is-layout-flow wp-block-cover-is-layout-flow\">\n<section id=\"wp-block-themeisle-blocks-advanced-columns-6fc7adce\" class=\"wp-block-themeisle-blocks-advanced-columns alignwide has-3-columns has-desktop-equal-layout has-tablet-equal-layout has-mobile-collapsedRows-layout has-vertical-flex-start\"><div class=\"wp-block-themeisle-blocks-advanced-columns-overlay\"><\/div><div class=\"innerblocks-wrap\">\n<div id=\"wp-block-themeisle-blocks-advanced-column-25e97a9a\" class=\"wp-block-themeisle-blocks-advanced-column\">\n<h3 id=\"wp-block-themeisle-blocks-advanced-heading-72a9f7c8\" class=\"wp-block-themeisle-blocks-advanced-heading wp-block-themeisle-blocks-advanced-heading-72a9f7c8\">1. Preis<\/h3>\n\n\n\n<h3 class=\"wp-block-heading has-text-align-center has-nv-dark-bg-color has-text-color has-link-color wp-elements-71600052da7c39ba1dc292f5075c8f3d\">trompete<\/h3>\n\n\n\n<figure class=\"wp-block-image size-full\"><img loading=\"lazy\" decoding=\"async\" width=\"1500\" height=\"1000\" src=\"https:\/\/mv-ligist-krottendorf.at\/musikfest\/wp-content\/uploads\/2025\/08\/gewinnspiel-1-trompete-neu.png\" alt=\"\" class=\"wp-image-1614\" srcset=\"https:\/\/mv-ligist-krottendorf.at\/musikfest\/wp-content\/uploads\/2025\/08\/gewinnspiel-1-trompete-neu.png 1500w, https:\/\/mv-ligist-krottendorf.at\/musikfest\/wp-content\/uploads\/2025\/08\/gewinnspiel-1-trompete-neu-1000x667.png 1000w, https:\/\/mv-ligist-krottendorf.at\/musikfest\/wp-content\/uploads\/2025\/08\/gewinnspiel-1-trompete-neu-768x512.png 768w, https:\/\/mv-ligist-krottendorf.at\/musikfest\/wp-content\/uploads\/2025\/08\/gewinnspiel-1-trompete-neu-930x620.png 930w\" sizes=\"auto, (max-width: 1500px) 100vw, 1500px\" \/><\/figure>\n\n\n\n<p class=\"has-text-align-center has-nv-dark-bg-color has-text-color has-link-color wp-elements-bd1925d76d793779ee5a4cb9eda1f25d\">Eine Trompete im Wert von <strong>\u20ac&nbsp;3.900<\/strong> vom <a href=\"https:\/\/instrumentenklinik.at\/\" target=\"_blank\" rel=\"noreferrer noopener\">Blasmusik\u00adzentrum und Instrumentenklinik \u00adReiterer<\/a> aus Ligist.<\/p>\n<\/div>\n\n\n\n<div id=\"wp-block-themeisle-blocks-advanced-column-b5b3ad1c\" class=\"wp-block-themeisle-blocks-advanced-column\">\n<h4 id=\"wp-block-themeisle-blocks-advanced-heading-067b6e63\" class=\"wp-block-themeisle-blocks-advanced-heading wp-block-themeisle-blocks-advanced-heading-067b6e63\"><strong>2. Preis<\/strong><\/h4>\n\n\n\n<h3 class=\"wp-block-heading has-text-align-center has-nv-dark-bg-color has-text-color has-link-color wp-elements-b372f0820a0145b5383872fb6be5c3cb\">trachtengutschein<\/h3>\n\n\n\n<figure class=\"wp-block-image size-full\"><img loading=\"lazy\" decoding=\"async\" width=\"1500\" height=\"1000\" src=\"https:\/\/mv-ligist-krottendorf.at\/musikfest\/wp-content\/uploads\/2025\/08\/gewinnspiel-2-gutschein-neu.png\" alt=\"\" class=\"wp-image-1615\" srcset=\"https:\/\/mv-ligist-krottendorf.at\/musikfest\/wp-content\/uploads\/2025\/08\/gewinnspiel-2-gutschein-neu.png 1500w, https:\/\/mv-ligist-krottendorf.at\/musikfest\/wp-content\/uploads\/2025\/08\/gewinnspiel-2-gutschein-neu-1000x667.png 1000w, https:\/\/mv-ligist-krottendorf.at\/musikfest\/wp-content\/uploads\/2025\/08\/gewinnspiel-2-gutschein-neu-768x512.png 768w, https:\/\/mv-ligist-krottendorf.at\/musikfest\/wp-content\/uploads\/2025\/08\/gewinnspiel-2-gutschein-neu-930x620.png 930w\" sizes=\"auto, (max-width: 1500px) 100vw, 1500px\" \/><\/figure>\n\n\n\n<p class=\"has-text-align-center has-nv-dark-bg-color has-text-color has-link-color wp-elements-46738915474f468e92c6b37f859f6d36\">Einen Trachten\u00adgutschein im Wert von <strong>\u20ac&nbsp;1.000<\/strong> von <a href=\"https:\/\/www.agvl.at\/\" target=\"_blank\" rel=\"noreferrer noopener\">\u201eA&nbsp;Gwond vom Land\u201c<\/a> aus Leibnitz.<\/p>\n<\/div>\n\n\n\n<div id=\"wp-block-themeisle-blocks-advanced-column-6be03cf4\" class=\"wp-block-themeisle-blocks-advanced-column\">\n<h4 id=\"wp-block-themeisle-blocks-advanced-heading-57826d4c\" class=\"wp-block-themeisle-blocks-advanced-heading wp-block-themeisle-blocks-advanced-heading-57826d4c\"><strong>3. preis<\/strong><\/h4>\n\n\n\n<h3 class=\"wp-block-heading has-text-align-center has-nv-dark-bg-color has-text-color has-link-color wp-elements-0c4444e22b85bec7c3e1203ac4decb72\">getr\u00e4nkepaket<\/h3>\n\n\n\n<figure class=\"wp-block-image size-full\"><img loading=\"lazy\" decoding=\"async\" width=\"1500\" height=\"1000\" src=\"https:\/\/mv-ligist-krottendorf.at\/musikfest\/wp-content\/uploads\/2025\/08\/gewinnspiel-3-getraenke-neu.png\" alt=\"\" class=\"wp-image-1612\" srcset=\"https:\/\/mv-ligist-krottendorf.at\/musikfest\/wp-content\/uploads\/2025\/08\/gewinnspiel-3-getraenke-neu.png 1500w, https:\/\/mv-ligist-krottendorf.at\/musikfest\/wp-content\/uploads\/2025\/08\/gewinnspiel-3-getraenke-neu-1000x667.png 1000w, https:\/\/mv-ligist-krottendorf.at\/musikfest\/wp-content\/uploads\/2025\/08\/gewinnspiel-3-getraenke-neu-768x512.png 768w, https:\/\/mv-ligist-krottendorf.at\/musikfest\/wp-content\/uploads\/2025\/08\/gewinnspiel-3-getraenke-neu-930x620.png 930w\" sizes=\"auto, (max-width: 1500px) 100vw, 1500px\" \/><\/figure>\n\n\n\n<p class=\"has-text-align-center has-nv-dark-bg-color has-text-color has-link-color wp-elements-0fca17fb3356b7bd12d0c688ea9503c8\">Ein Getr\u00e4nke\u00adpaket im Wert von <strong>\u20ac&nbsp;300<\/strong> von <a href=\"https:\/\/www.herbstwein.com\/\" target=\"_blank\" rel=\"noreferrer noopener\">Herbstwein<\/a> aus Krottendorf\/Ligist.<\/p>\n<\/div>\n<\/div><\/section>\n<\/div><\/div>\n\n\n\n<div class=\"wp-block-cover alignfull\" style=\"padding-top:var(--wp--preset--spacing--60);padding-right:0;padding-bottom:var(--wp--preset--spacing--50);padding-left:0\"><span aria-hidden=\"true\" class=\"wp-block-cover__background has-nv-site-bg-background-color has-background-dim-100 has-background-dim\"><\/span><div class=\"wp-block-cover__inner-container is-layout-flow wp-block-cover-is-layout-flow\">\n<div id=\"wp-block-themeisle-blocks-advanced-columns-673aec71\" class=\"wp-block-themeisle-blocks-advanced-columns alignwide has-2-columns has-desktop-equal-layout has-tablet-equal-layout has-mobile-collapsedRows-layout has-vertical-unset\"><div class=\"wp-block-themeisle-blocks-advanced-columns-overlay\"><\/div><div class=\"innerblocks-wrap\">\n<div id=\"wp-block-themeisle-blocks-advanced-column-70dfc5a1\" class=\"wp-block-themeisle-blocks-advanced-column\">\n<h4 class=\"wp-block-heading has-nv-dark-bg-color has-text-color has-link-color wp-elements-0a2d9e332d7d665a4398196741ffdb03\">Gewinnspielbedingungen<\/h4>\n\n\n\n<ul class=\"wp-block-list\">\n<li class=\"has-nv-dark-bg-color has-text-color has-link-color wp-elements-b17abd7ba3f13935b8ed2f978c4b8a92\">Die Verlosung erfolgt am So., 7. September 2025 um 14:00&nbsp;Uhr beim Fr\u00fchschoppen im Rahmen des Bezirksmusikfestes in Ligist.<\/li>\n\n\n\n<li class=\"has-nv-dark-bg-color has-text-color has-link-color wp-elements-1656887ce48a3f509b24da7e34d0dd5a\">Losverkauf: Freitag, Samstag, Sonntag beim Fest.<\/li>\n\n\n\n<li class=\"has-nv-dark-bg-color has-text-color has-link-color wp-elements-ad61c34ab2abbfb74edef842a96a2e5c\">Es herrscht keine Anwesenheitspflicht bei der Verlosung.<\/li>\n\n\n\n<li class=\"has-nv-dark-bg-color has-text-color has-link-color wp-elements-683ac8d93b45be04875e9838aa5ca012\">Die Gewinner werden telefonisch verst\u00e4ndigt.<\/li>\n\n\n\n<li class=\"has-nv-dark-bg-color has-text-color has-link-color wp-elements-6cd105655557368d167b8ecadc7ece64\">Der Rechtsweg ist ausgeschlossen.<\/li>\n\n\n\n<li class=\"has-nv-dark-bg-color has-text-color has-link-color wp-elements-65480d70f7d4a733db43358f50a43dbe\">Keine Barabl\u00f6se m\u00f6glich.<\/li>\n<\/ul>\n<\/div>\n\n\n\n<div id=\"wp-block-themeisle-blocks-advanced-column-2834d0a8\" class=\"wp-block-themeisle-blocks-advanced-column\">\n<h4 class=\"wp-block-heading has-nv-dark-bg-color has-text-color has-link-color wp-elements-816206684eaa114890a6a16405bed84d\">Datenschutzhinweis<\/h4>\n\n\n\n<ul class=\"wp-block-list\">\n<li class=\"has-nv-dark-bg-color has-text-color has-link-color wp-elements-53af04ed011c83980261b4e2b52d8691\">Mit der Abgabe des Loses stimmt der Teilnehmer zu, dass der Musikverein Ligist-Krottendorf seine pers\u00f6nlichen Daten nur zum Zweck der Gewinn\u00fcbermittlung erfassen, verarbeiten und speichern darf. <\/li>\n\n\n\n<li class=\"has-nv-dark-bg-color has-text-color has-link-color wp-elements-2112dd65d3fe971eea6f71a6e0430d70\">Die bei der Preis\u00fcbergabe gemachten Fotos und Namen der Gewinner darf der Musikverein Ligist-Krottendorf f\u00fcr die Zwecke der Nachberichterstattung ver\u00f6ffentlichen.<\/li>\n<\/ul>\n<\/div>\n<\/div><\/div>\n<\/div><\/div>\n","protected":false},"excerpt":{"rendered":"","protected":false},"author":1,"featured_media":1622,"parent":0,"menu_order":0,"comment_status":"closed","ping_status":"closed","template":"","meta":{"neve_meta_sidebar":"","neve_meta_container":"","neve_meta_enable_content_width":"","neve_meta_content_width":0,"neve_meta_title_alignment":"","neve_meta_author_avatar":"","neve_post_elements_order":"","neve_meta_disable_header":"","neve_meta_disable_footer":"","neve_meta_disable_title":"on","_themeisle_gutenberg_block_has_review":false,"footnotes":""},"class_list":["post-1423","page","type-page","status-publish","has-post-thumbnail","hentry"],"yoast_head":"<!-- This site is optimized with the Yoast SEO plugin v25.9 - https:\/\/yoast.com\/wordpress\/plugins\/seo\/ -->\n<title>Gewinnspiel | Musikfest 2025 | So klingt Ligist<\/title>\n<meta name=\"description\" content=\"Hol dir dein Tombola-Los und sichere dir die Chance auf tolle Preise beim Gewinnspiel im Rahmen des Bezirksmusikfestes im September 2025 in Ligist.\" \/>\n<meta name=\"robots\" content=\"index, follow, max-snippet:-1, max-image-preview:large, max-video-preview:-1\" \/>\n<link rel=\"canonical\" href=\"https:\/\/mv-ligist-krottendorf.at\/musikfest\/gewinnspiel\/\" \/>\n<meta property=\"og:locale\" content=\"de_DE\" \/>\n<meta property=\"og:type\" content=\"article\" \/>\n<meta property=\"og:title\" content=\"Gewinnspiel | Musikfest 2025 | So klingt Ligist\" \/>\n<meta property=\"og:description\" content=\"Hol dir dein Tombola-Los und sichere dir die Chance auf tolle Preise beim Gewinnspiel im Rahmen des Bezirksmusikfestes im September 2025 in Ligist.\" \/>\n<meta property=\"og:url\" content=\"https:\/\/mv-ligist-krottendorf.at\/musikfest\/gewinnspiel\/\" \/>\n<meta property=\"og:site_name\" content=\"Musikfest 2025 | So klingt Ligist\" \/>\n<meta property=\"article:modified_time\" content=\"2025-08-17T11:38:26+00:00\" \/>\n<meta property=\"og:image\" content=\"https:\/\/mv-ligist-krottendorf.at\/musikfest\/wp-content\/uploads\/2025\/08\/gewinnspiel-tombola-Musikfest2025.jpg\" \/>\n\t<meta property=\"og:image:width\" content=\"2000\" \/>\n\t<meta property=\"og:image:height\" content=\"1333\" \/>\n\t<meta property=\"og:image:type\" content=\"image\/jpeg\" \/>\n<meta name=\"twitter:card\" content=\"summary_large_image\" \/>\n<meta name=\"twitter:label1\" content=\"Gesch\u00e4tzte Lesezeit\" \/>\n\t<meta name=\"twitter:data1\" content=\"3 Minuten\" \/>\n<script type=\"application\/ld+json\" class=\"yoast-schema-graph\">{\"@context\":\"https:\/\/schema.org\",\"@graph\":[{\"@type\":\"WebPage\",\"@id\":\"https:\/\/mv-ligist-krottendorf.at\/musikfest\/gewinnspiel\/\",\"url\":\"https:\/\/mv-ligist-krottendorf.at\/musikfest\/gewinnspiel\/\",\"name\":\"Gewinnspiel | Musikfest 2025 | So klingt Ligist\",\"isPartOf\":{\"@id\":\"https:\/\/mv-ligist-krottendorf.at\/musikfest\/#website\"},\"primaryImageOfPage\":{\"@id\":\"https:\/\/mv-ligist-krottendorf.at\/musikfest\/gewinnspiel\/#primaryimage\"},\"image\":{\"@id\":\"https:\/\/mv-ligist-krottendorf.at\/musikfest\/gewinnspiel\/#primaryimage\"},\"thumbnailUrl\":\"https:\/\/mv-ligist-krottendorf.at\/musikfest\/wp-content\/uploads\/2025\/08\/gewinnspiel-tombola-Musikfest2025.jpg\",\"datePublished\":\"2025-04-23T06:28:25+00:00\",\"dateModified\":\"2025-08-17T11:38:26+00:00\",\"description\":\"Hol dir dein Tombola-Los und sichere dir die Chance auf tolle Preise beim Gewinnspiel im Rahmen des Bezirksmusikfestes im September 2025 in Ligist.\",\"breadcrumb\":{\"@id\":\"https:\/\/mv-ligist-krottendorf.at\/musikfest\/gewinnspiel\/#breadcrumb\"},\"inLanguage\":\"de-AT\",\"potentialAction\":[{\"@type\":\"ReadAction\",\"target\":[\"https:\/\/mv-ligist-krottendorf.at\/musikfest\/gewinnspiel\/\"]}]},{\"@type\":\"ImageObject\",\"inLanguage\":\"de-AT\",\"@id\":\"https:\/\/mv-ligist-krottendorf.at\/musikfest\/gewinnspiel\/#primaryimage\",\"url\":\"https:\/\/mv-ligist-krottendorf.at\/musikfest\/wp-content\/uploads\/2025\/08\/gewinnspiel-tombola-Musikfest2025.jpg\",\"contentUrl\":\"https:\/\/mv-ligist-krottendorf.at\/musikfest\/wp-content\/uploads\/2025\/08\/gewinnspiel-tombola-Musikfest2025.jpg\",\"width\":2000,\"height\":1333},{\"@type\":\"BreadcrumbList\",\"@id\":\"https:\/\/mv-ligist-krottendorf.at\/musikfest\/gewinnspiel\/#breadcrumb\",\"itemListElement\":[{\"@type\":\"ListItem\",\"position\":1,\"name\":\"Startseite\",\"item\":\"https:\/\/mv-ligist-krottendorf.at\/musikfest\/\"},{\"@type\":\"ListItem\",\"position\":2,\"name\":\"Gewinnspiel\"}]},{\"@type\":\"WebSite\",\"@id\":\"https:\/\/mv-ligist-krottendorf.at\/musikfest\/#website\",\"url\":\"https:\/\/mv-ligist-krottendorf.at\/musikfest\/\",\"name\":\"Musikfest 2025 | So klingt Ligist\",\"description\":\"Jubil\u00e4ums- und Bezirksmusikfest des Musikverein Ligist-Krottendorf\",\"publisher\":{\"@id\":\"https:\/\/mv-ligist-krottendorf.at\/musikfest\/#organization\"},\"potentialAction\":[{\"@type\":\"SearchAction\",\"target\":{\"@type\":\"EntryPoint\",\"urlTemplate\":\"https:\/\/mv-ligist-krottendorf.at\/musikfest\/?s={search_term_string}\"},\"query-input\":{\"@type\":\"PropertyValueSpecification\",\"valueRequired\":true,\"valueName\":\"search_term_string\"}}],\"inLanguage\":\"de-AT\"},{\"@type\":\"Organization\",\"@id\":\"https:\/\/mv-ligist-krottendorf.at\/musikfest\/#organization\",\"name\":\"Musikverein Ligist-Krottendorf\",\"url\":\"https:\/\/mv-ligist-krottendorf.at\/musikfest\/\",\"logo\":{\"@type\":\"ImageObject\",\"inLanguage\":\"de-AT\",\"@id\":\"https:\/\/mv-ligist-krottendorf.at\/musikfest\/#\/schema\/logo\/image\/\",\"url\":\"https:\/\/mv-ligist-krottendorf.at\/musikfest\/wp-content\/uploads\/2024\/06\/logo-musikfest2025-soklingtligist-1.png\",\"contentUrl\":\"https:\/\/mv-ligist-krottendorf.at\/musikfest\/wp-content\/uploads\/2024\/06\/logo-musikfest2025-soklingtligist-1.png\",\"width\":2000,\"height\":2000,\"caption\":\"Musikverein Ligist-Krottendorf\"},\"image\":{\"@id\":\"https:\/\/mv-ligist-krottendorf.at\/musikfest\/#\/schema\/logo\/image\/\"}}]}<\/script>\n<!-- \/ Yoast SEO plugin. -->","yoast_head_json":{"title":"Gewinnspiel | Musikfest 2025 | So klingt Ligist","description":"Hol dir dein Tombola-Los und sichere dir die Chance auf tolle Preise beim Gewinnspiel im Rahmen des Bezirksmusikfestes im September 2025 in Ligist.","robots":{"index":"index","follow":"follow","max-snippet":"max-snippet:-1","max-image-preview":"max-image-preview:large","max-video-preview":"max-video-preview:-1"},"canonical":"https:\/\/mv-ligist-krottendorf.at\/musikfest\/gewinnspiel\/","og_locale":"de_DE","og_type":"article","og_title":"Gewinnspiel | Musikfest 2025 | So klingt Ligist","og_description":"Hol dir dein Tombola-Los und sichere dir die Chance auf tolle Preise beim Gewinnspiel im Rahmen des Bezirksmusikfestes im September 2025 in Ligist.","og_url":"https:\/\/mv-ligist-krottendorf.at\/musikfest\/gewinnspiel\/","og_site_name":"Musikfest 2025 | So klingt Ligist","article_modified_time":"2025-08-17T11:38:26+00:00","og_image":[{"width":2000,"height":1333,"url":"https:\/\/mv-ligist-krottendorf.at\/musikfest\/wp-content\/uploads\/2025\/08\/gewinnspiel-tombola-Musikfest2025.jpg","type":"image\/jpeg"}],"twitter_card":"summary_large_image","twitter_misc":{"Gesch\u00e4tzte Lesezeit":"3 Minuten"},"schema":{"@context":"https:\/\/schema.org","@graph":[{"@type":"WebPage","@id":"https:\/\/mv-ligist-krottendorf.at\/musikfest\/gewinnspiel\/","url":"https:\/\/mv-ligist-krottendorf.at\/musikfest\/gewinnspiel\/","name":"Gewinnspiel | Musikfest 2025 | So klingt Ligist","isPartOf":{"@id":"https:\/\/mv-ligist-krottendorf.at\/musikfest\/#website"},"primaryImageOfPage":{"@id":"https:\/\/mv-ligist-krottendorf.at\/musikfest\/gewinnspiel\/#primaryimage"},"image":{"@id":"https:\/\/mv-ligist-krottendorf.at\/musikfest\/gewinnspiel\/#primaryimage"},"thumbnailUrl":"https:\/\/mv-ligist-krottendorf.at\/musikfest\/wp-content\/uploads\/2025\/08\/gewinnspiel-tombola-Musikfest2025.jpg","datePublished":"2025-04-23T06:28:25+00:00","dateModified":"2025-08-17T11:38:26+00:00","description":"Hol dir dein Tombola-Los und sichere dir die Chance auf tolle Preise beim Gewinnspiel im Rahmen des Bezirksmusikfestes im September 2025 in Ligist.","breadcrumb":{"@id":"https:\/\/mv-ligist-krottendorf.at\/musikfest\/gewinnspiel\/#breadcrumb"},"inLanguage":"de-AT","potentialAction":[{"@type":"ReadAction","target":["https:\/\/mv-ligist-krottendorf.at\/musikfest\/gewinnspiel\/"]}]},{"@type":"ImageObject","inLanguage":"de-AT","@id":"https:\/\/mv-ligist-krottendorf.at\/musikfest\/gewinnspiel\/#primaryimage","url":"https:\/\/mv-ligist-krottendorf.at\/musikfest\/wp-content\/uploads\/2025\/08\/gewinnspiel-tombola-Musikfest2025.jpg","contentUrl":"https:\/\/mv-ligist-krottendorf.at\/musikfest\/wp-content\/uploads\/2025\/08\/gewinnspiel-tombola-Musikfest2025.jpg","width":2000,"height":1333},{"@type":"BreadcrumbList","@id":"https:\/\/mv-ligist-krottendorf.at\/musikfest\/gewinnspiel\/#breadcrumb","itemListElement":[{"@type":"ListItem","position":1,"name":"Startseite","item":"https:\/\/mv-ligist-krottendorf.at\/musikfest\/"},{"@type":"ListItem","position":2,"name":"Gewinnspiel"}]},{"@type":"WebSite","@id":"https:\/\/mv-ligist-krottendorf.at\/musikfest\/#website","url":"https:\/\/mv-ligist-krottendorf.at\/musikfest\/","name":"Musikfest 2025 | So klingt Ligist","description":"Jubil\u00e4ums- und Bezirksmusikfest des Musikverein Ligist-Krottendorf","publisher":{"@id":"https:\/\/mv-ligist-krottendorf.at\/musikfest\/#organization"},"potentialAction":[{"@type":"SearchAction","target":{"@type":"EntryPoint","urlTemplate":"https:\/\/mv-ligist-krottendorf.at\/musikfest\/?s={search_term_string}"},"query-input":{"@type":"PropertyValueSpecification","valueRequired":true,"valueName":"search_term_string"}}],"inLanguage":"de-AT"},{"@type":"Organization","@id":"https:\/\/mv-ligist-krottendorf.at\/musikfest\/#organization","name":"Musikverein Ligist-Krottendorf","url":"https:\/\/mv-ligist-krottendorf.at\/musikfest\/","logo":{"@type":"ImageObject","inLanguage":"de-AT","@id":"https:\/\/mv-ligist-krottendorf.at\/musikfest\/#\/schema\/logo\/image\/","url":"https:\/\/mv-ligist-krottendorf.at\/musikfest\/wp-content\/uploads\/2024\/06\/logo-musikfest2025-soklingtligist-1.png","contentUrl":"https:\/\/mv-ligist-krottendorf.at\/musikfest\/wp-content\/uploads\/2024\/06\/logo-musikfest2025-soklingtligist-1.png","width":2000,"height":2000,"caption":"Musikverein Ligist-Krottendorf"},"image":{"@id":"https:\/\/mv-ligist-krottendorf.at\/musikfest\/#\/schema\/logo\/image\/"}}]}},"_links":{"self":[{"href":"https:\/\/mv-ligist-krottendorf.at\/musikfest\/wp-json\/wp\/v2\/pages\/1423","targetHints":{"allow":["GET"]}}],"collection":[{"href":"https:\/\/mv-ligist-krottendorf.at\/musikfest\/wp-json\/wp\/v2\/pages"}],"about":[{"href":"https:\/\/mv-ligist-krottendorf.at\/musikfest\/wp-json\/wp\/v2\/types\/page"}],"author":[{"embeddable":true,"href":"https:\/\/mv-ligist-krottendorf.at\/musikfest\/wp-json\/wp\/v2\/users\/1"}],"replies":[{"embeddable":true,"href":"https:\/\/mv-ligist-krottendorf.at\/musikfest\/wp-json\/wp\/v2\/comments?post=1423"}],"version-history":[{"count":58,"href":"https:\/\/mv-ligist-krottendorf.at\/musikfest\/wp-json\/wp\/v2\/pages\/1423\/revisions"}],"predecessor-version":[{"id":1623,"href":"https:\/\/mv-ligist-krottendorf.at\/musikfest\/wp-json\/wp\/v2\/pages\/1423\/revisions\/1623"}],"wp:featuredmedia":[{"embeddable":true,"href":"https:\/\/mv-ligist-krottendorf.at\/musikfest\/wp-json\/wp\/v2\/media\/1622"}],"wp:attachment":[{"href":"https:\/\/mv-ligist-krottendorf.at\/musikfest\/wp-json\/wp\/v2\/media?parent=1423"}],"curies":[{"name":"wp","href":"https:\/\/api.w.org\/{rel}","templated":true}]}}